{"id":560,"date":"2022-02-07T18:25:22","date_gmt":"2022-02-07T18:25:22","guid":{"rendered":"https:\/\/stv-pegnitz.de\/?page_id=560"},"modified":"2022-05-20T14:15:00","modified_gmt":"2022-05-20T14:15:00","slug":"22-01-2022-bayerische-langstreckenmeisterschaften-wuerzburg","status":"publish","type":"page","link":"https:\/\/stv-pegnitz.de\/?page_id=560","title":{"rendered":"22.01.2022: Bayerische Langstreckenmeisterschaften W\u00fcrzburg"},"content":{"rendered":"\n<p>Endlich konnten die jungen Schwimmer des STV Pegnitz die Belohnung f\u00fcr das harte Training einkassieren: Drei der f\u00fcnf Schwimmer nahmen an den Bayerischen Langstreckenmeisterschaften in W\u00fcrzburg teil, f\u00fcr welche sie sich beinahe zuf\u00e4llig aus dem laufenden Trainingsbetrieb heraus qualifiziert hatten. Dies ist in der Hinsicht eine \u00dcberraschung, da f\u00fcr die Langstrecken, also 1500m und 800m Freistil sowie 400m Lagen, normalerweise ein umfangreiches und konditionsbetontes Trainingspensum n\u00f6tig ist, wohingegen die Athleten des STV sieben Monate Trainingsr\u00fcckstand wegen des Lockdowns hatten.Laut Trainer Andreas Behrend sei ein Zwischenziel erreicht, jedoch mit Luft nach oben. Dieser kann somit neun Qualifikationen f\u00fcr die Bayerischen Meisterschaften seit seinem Beginn als Schwimmtrainer in Pegnitz einfahren. Niklas Birkle (2006), Sam M\u00e4rkisch (2005) und Sina Friedrich (2007) zeigten sich in W\u00fcrzburg in Topform und stiegen ausschlie\u00dflich mit pers\u00f6nlichen Bestzeiten aus dem Wasser. Sam M\u00e4rkisch konnte zudem den Titel des Bayerischen Vizemeisters in seinem Jahrgang \u00fcber die 800m Freistil f\u00fcr sich verbuchen.<\/p>\n\n\n\n<div class=\"wp-block-image\"><figure class=\"aligncenter size-large\"><img loading=\"lazy\" decoding=\"async\" width=\"1024\" height=\"768\" src=\"https:\/\/stv-pegnitz.de\/wp-content\/uploads\/2022\/02\/Wettkampf-Wuerzburg_STV-Pegnitz-1024x768.jpg\" alt=\"\" class=\"wp-image-562\" srcset=\"https:\/\/stv-pegnitz.de\/wp-content\/uploads\/2022\/02\/Wettkampf-Wuerzburg_STV-Pegnitz-1024x768.jpg 1024w, https:\/\/stv-pegnitz.de\/wp-content\/uploads\/2022\/02\/Wettkampf-Wuerzburg_STV-Pegnitz-300x225.jpg 300w, https:\/\/stv-pegnitz.de\/wp-content\/uploads\/2022\/02\/Wettkampf-Wuerzburg_STV-Pegnitz-768x576.jpg 768w, https:\/\/stv-pegnitz.de\/wp-content\/uploads\/2022\/02\/Wettkampf-Wuerzburg_STV-Pegnitz-1536x1152.jpg 1536w, https:\/\/stv-pegnitz.de\/wp-content\/uploads\/2022\/02\/Wettkampf-Wuerzburg_STV-Pegnitz-2048x1536.jpg 2048w\" sizes=\"auto, (max-width: 1024px) 100vw, 1024px\" \/><\/figure><\/div>\n","protected":false},"excerpt":{"rendered":"<p>Endlich konnten die jungen Schwimmer des STV Pegnitz die Belohnung f\u00fcr das harte Training einkassieren: Drei der f\u00fcnf Schwimmer nahmen an den Bayerischen Langstreckenmeisterschaften in W\u00fcrzburg teil, f\u00fcr welche sie sich beinahe zuf\u00e4llig aus dem laufenden Trainingsbetrieb heraus qualifiziert hatten. Dies ist in der Hinsicht eine \u00dcberraschung, da f\u00fcr die Langstrecken, also 1500m und 800m&hellip;&nbsp;<a href=\"https:\/\/stv-pegnitz.de\/?page_id=560\" rel=\"bookmark\">Weiterlesen &raquo;<span class=\"screen-reader-text\">22.01.2022: Bayerische Langstreckenmeisterschaften W\u00fcrzburg<\/span><\/a><\/p>\n","protected":false},"author":3,"featured_media":0,"parent":0,"menu_order":0,"comment_status":"closed","ping_status":"closed","template":"","meta":{"neve_meta_sidebar":"full-width","neve_meta_container":"","neve_meta_enable_content_width":"on","neve_meta_content_width":100,"neve_meta_title_alignment":"","neve_meta_author_avatar":"","neve_post_elements_order":"","neve_meta_disable_header":"","neve_meta_disable_footer":"","neve_meta_disable_title":"","footnotes":""},"class_list":["post-560","page","type-page","status-publish","hentry"],"_links":{"self":[{"href":"https:\/\/stv-pegnitz.de\/index.php?rest_route=\/wp\/v2\/pages\/560","targetHints":{"allow":["GET"]}}],"collection":[{"href":"https:\/\/stv-pegnitz.de\/index.php?rest_route=\/wp\/v2\/pages"}],"about":[{"href":"https:\/\/stv-pegnitz.de\/index.php?rest_route=\/wp\/v2\/types\/page"}],"author":[{"embeddable":true,"href":"https:\/\/stv-pegnitz.de\/index.php?rest_route=\/wp\/v2\/users\/3"}],"replies":[{"embeddable":true,"href":"https:\/\/stv-pegnitz.de\/index.php?rest_route=%2Fwp%2Fv2%2Fcomments&post=560"}],"version-history":[{"count":3,"href":"https:\/\/stv-pegnitz.de\/index.php?rest_route=\/wp\/v2\/pages\/560\/revisions"}],"predecessor-version":[{"id":661,"href":"https:\/\/stv-pegnitz.de\/index.php?rest_route=\/wp\/v2\/pages\/560\/revisions\/661"}],"wp:attachment":[{"href":"https:\/\/stv-pegnitz.de\/index.php?rest_route=%2Fwp%2Fv2%2Fmedia&parent=560"}],"curies":[{"name":"wp","href":"https:\/\/api.w.org\/{rel}","templated":true}]}}